{"id":44891,"date":"2024-03-13T09:12:55","date_gmt":"2024-03-13T08:12:55","guid":{"rendered":"https:\/\/www.settdagarna.se\/?page_id=44891"},"modified":"2025-10-23T13:15:49","modified_gmt":"2025-10-23T11:15:49","slug":"press-2","status":"publish","type":"page","link":"https:\/\/www.settdagarna.se\/sv\/press-2\/","title":{"rendered":"Press"},"content":{"rendered":"\t\t<div data-elementor-type=\"wp-page\" data-elementor-id=\"44891\" class=\"elementor elementor-44891\" data-elementor-post-type=\"page\">\n\t\t\t\t\t\t<section class=\"elementor-section elementor-top-section elementor-element elementor-element-f37fd98 elementor-section-boxed elementor-section-height-default elementor-section-height-default\" data-id=\"f37fd98\" data-element_type=\"section\" data-settings=\"{&quot;background_background&quot;:&quot;classic&quot;}\">\n\t\t\t\t\t\t<div class=\"elementor-container elementor-column-gap-default\">\n\t\t\t\t\t<div class=\"elementor-column elementor-col-100 elementor-top-column elementor-element elementor-element-4b13efe\" data-id=\"4b13efe\" data-element_type=\"column\">\n\t\t\t<div class=\"elementor-widget-wrap elementor-element-populated\">\n\t\t\t\t\t\t<section class=\"elementor-section elementor-inner-section elementor-element elementor-element-8a7af4e elementor-section-full_width elementor-section-height-default elementor-section-height-default\" data-id=\"8a7af4e\" data-element_type=\"section\">\n\t\t\t\t\t\t<div class=\"elementor-container elementor-column-gap-default\">\n\t\t\t\t\t<div class=\"elementor-column elementor-col-100 elementor-inner-column elementor-element elementor-element-871c0da\" data-id=\"871c0da\" data-element_type=\"column\">\n\t\t\t<div class=\"elementor-widget-wrap elementor-element-populated\">\n\t\t\t\t\t\t<div class=\"elementor-element elementor-element-f222609 elementor-widget elementor-widget-heading\" data-id=\"f222609\" data-element_type=\"widget\" data-widget_type=\"heading.default\">\n\t\t\t\t<div class=\"elementor-widget-container\">\n\t\t\t\t\t<h1 class=\"elementor-heading-title elementor-size-default\">Ans\u00f6k om pressackreditering<\/h1>\t\t\t\t<\/div>\n\t\t\t\t<\/div>\n\t\t\t\t<div class=\"elementor-element elementor-element-2497893 elementor-widget elementor-widget-text-editor\" data-id=\"2497893\" data-element_type=\"widget\" data-widget_type=\"text-editor.default\">\n\t\t\t\t<div class=\"elementor-widget-container\">\n\t\t\t\t\t\t\t\t\t<p>V\u00e4lkommen att ans\u00f6ka om pressackreditering f\u00f6r att bevaka Setts konferens som \u00e4ger rum den 14-15 april 2026 p\u00e5 Kistam\u00e4ssan i Stockholm. F\u00f6r att ans\u00f6ka om pressackreditering beh\u00f6ver du ha ett uppdrag att bevaka m\u00e4ssan av en redaktion f\u00f6r en framtida publicering. Detta ska intygas skriftligt av nyhetschef, redaktionschef eller liknande. Intyget skall bifogas din ans\u00f6kan.<\/p><p>Sista dagen att ans\u00f6ka om ackrediteringen \u00e4r den 13 april 2026. Ingen ackreditering beviljas p\u00e5 plats.<\/p><p>Varmt v\u00e4lkomna till Sett!<\/p>\t\t\t\t\t\t\t\t<\/div>\n\t\t\t\t<\/div>\n\t\t\t\t<div class=\"elementor-element elementor-element-4ccca382 elementor-align-center elementor-mobile-align-justify elementor-widget elementor-widget-button\" data-id=\"4ccca382\" data-element_type=\"widget\" data-widget_type=\"button.default\">\n\t\t\t\t<div class=\"elementor-widget-container\">\n\t\t\t\t\t\t\t\t\t<div class=\"elementor-button-wrapper\">\n\t\t\t\t\t<a class=\"elementor-button elementor-button-link elementor-size-md elementor-animation-grow\" href=\"https:\/\/register.visitcloud.com\/survey\/1f9f6414sn3zi\" target=\"_blank\">\n\t\t\t\t\t\t<span class=\"elementor-button-content-wrapper\">\n\t\t\t\t\t\t\t\t\t<span class=\"elementor-button-text\">Ans\u00f6k om pressackreditering<\/span>\n\t\t\t\t\t<\/span>\n\t\t\t\t\t<\/a>\n\t\t\t\t<\/div>\n\t\t\t\t\t\t\t\t<\/div>\n\t\t\t\t<\/div>\n\t\t\t\t\t<\/div>\n\t\t<\/div>\n\t\t\t\t\t<\/div>\n\t\t<\/section>\n\t\t\t\t<section class=\"elementor-section elementor-inner-section elementor-element elementor-element-0a327d3 elementor-section-full_width elementor-section-height-default elementor-section-height-default\" data-id=\"0a327d3\" data-element_type=\"section\">\n\t\t\t\t\t\t<div class=\"elementor-container elementor-column-gap-default\">\n\t\t\t\t\t<div class=\"elementor-column elementor-col-50 elementor-inner-column elementor-element elementor-element-cc1e157\" data-id=\"cc1e157\" data-element_type=\"column\" data-settings=\"{&quot;background_background&quot;:&quot;classic&quot;}\">\n\t\t\t<div class=\"elementor-widget-wrap elementor-element-populated\">\n\t\t\t\t\t\t<div class=\"elementor-element elementor-element-74d64e1 elementor-widget elementor-widget-heading\" data-id=\"74d64e1\" data-element_type=\"widget\" data-widget_type=\"heading.default\">\n\t\t\t\t<div class=\"elementor-widget-container\">\n\t\t\t\t\t<h3 class=\"elementor-heading-title elementor-size-default\">F\u00f6r frilansjournalister<\/h3>\t\t\t\t<\/div>\n\t\t\t\t<\/div>\n\t\t\t\t<div class=\"elementor-element elementor-element-c897b7a elementor-widget elementor-widget-text-editor\" data-id=\"c897b7a\" data-element_type=\"widget\" data-widget_type=\"text-editor.default\">\n\t\t\t\t<div class=\"elementor-widget-container\">\n\t\t\t\t\t\t\t\t\t<p>Frilansjournalister ska tillsammans med ans\u00f6kan bifoga ett intyg fr\u00e5n den redaktion som \u00e4r uppdragsgivare med uppgifter till kontaktperson.<\/p>\t\t\t\t\t\t\t\t<\/div>\n\t\t\t\t<\/div>\n\t\t\t\t\t<\/div>\n\t\t<\/div>\n\t\t\t\t<div class=\"elementor-column elementor-col-50 elementor-inner-column elementor-element elementor-element-6a4267a\" data-id=\"6a4267a\" data-element_type=\"column\" data-settings=\"{&quot;background_background&quot;:&quot;classic&quot;}\">\n\t\t\t<div class=\"elementor-widget-wrap elementor-element-populated\">\n\t\t\t\t\t\t<div class=\"elementor-element elementor-element-e4e5ec6 elementor-widget elementor-widget-heading\" data-id=\"e4e5ec6\" data-element_type=\"widget\" data-widget_type=\"heading.default\">\n\t\t\t\t<div class=\"elementor-widget-container\">\n\t\t\t\t\t<h3 class=\"elementor-heading-title elementor-size-default\">F\u00f6r influensers<\/h3>\t\t\t\t<\/div>\n\t\t\t\t<\/div>\n\t\t\t\t<div class=\"elementor-element elementor-element-9730321 elementor-widget elementor-widget-text-editor\" data-id=\"9730321\" data-element_type=\"widget\" data-widget_type=\"text-editor.default\">\n\t\t\t\t<div class=\"elementor-widget-container\">\n\t\t\t\t\t\t\t\t\t<p>Har du egna sociala kanaler med stora f\u00f6ljargrupper och vill ber\u00e4tta om Sett f\u00f6r dem, \u00e4r du v\u00e4lkommen att ans\u00f6ka om pressackreditering enligt samma process som beskrivs ovan. Du beh\u00f6ver d\u00e5 bifoga en beskrivning av din sociala kanal, antal f\u00f6ljare och vad syftet med kanalen \u00e4r.<\/p>\t\t\t\t\t\t\t\t<\/div>\n\t\t\t\t<\/div>\n\t\t\t\t\t<\/div>\n\t\t<\/div>\n\t\t\t\t\t<\/div>\n\t\t<\/section>\n\t\t\t\t\t<\/div>\n\t\t<\/div>\n\t\t\t\t\t<\/div>\n\t\t<\/section>\n\t\t\t\t<\/div>\n\t\t","protected":false},"excerpt":{"rendered":"<p>Ans\u00f6k om pressackreditering V\u00e4lkommen att ans\u00f6ka om pressackreditering f\u00f6r att bevaka Setts konferens som \u00e4ger rum den 14-15 april 2026 p\u00e5 Kistam\u00e4ssan i Stockholm. F\u00f6r att ans\u00f6ka om pressackreditering beh\u00f6ver du ha ett uppdrag att bevaka m\u00e4ssan av en redaktion f\u00f6r en framtida publicering. Detta ska intygas skriftligt av nyhetschef, redaktionschef eller liknande. Intyget skall [&hellip;]<\/p>\n","protected":false},"author":19,"featured_media":0,"parent":0,"menu_order":0,"comment_status":"closed","ping_status":"closed","template":"","meta":{"_seopress_robots_primary_cat":"","_seopress_titles_title":"Press | Sett | Stockholm","_seopress_titles_desc":"V\u00e4lkommen att ans\u00f6ka om pressackreditering f\u00f6r att bevaka Setts konferens som \u00e4ger rum den 14-15 april 2026 p\u00e5 Kistam\u00e4ssan i Stockholm.","_seopress_robots_index":"","footnotes":""},"class_list":["post-44891","page","type-page","status-publish","hentry"],"_links":{"self":[{"href":"https:\/\/www.settdagarna.se\/sv\/wp-json\/wp\/v2\/pages\/44891","targetHints":{"allow":["GET"]}}],"collection":[{"href":"https:\/\/www.settdagarna.se\/sv\/wp-json\/wp\/v2\/pages"}],"about":[{"href":"https:\/\/www.settdagarna.se\/sv\/wp-json\/wp\/v2\/types\/page"}],"author":[{"embeddable":true,"href":"https:\/\/www.settdagarna.se\/sv\/wp-json\/wp\/v2\/users\/19"}],"replies":[{"embeddable":true,"href":"https:\/\/www.settdagarna.se\/sv\/wp-json\/wp\/v2\/comments?post=44891"}],"version-history":[{"count":5,"href":"https:\/\/www.settdagarna.se\/sv\/wp-json\/wp\/v2\/pages\/44891\/revisions"}],"predecessor-version":[{"id":95947,"href":"https:\/\/www.settdagarna.se\/sv\/wp-json\/wp\/v2\/pages\/44891\/revisions\/95947"}],"wp:attachment":[{"href":"https:\/\/www.settdagarna.se\/sv\/wp-json\/wp\/v2\/media?parent=44891"}],"curies":[{"name":"wp","href":"https:\/\/api.w.org\/{rel}","templated":true}]}}