{"id":71932,"date":"2025-02-03T13:29:34","date_gmt":"2025-02-03T12:29:34","guid":{"rendered":"https:\/\/www.settdagarna.se\/programme-expo-pass\/"},"modified":"2025-05-14T16:27:35","modified_gmt":"2025-05-14T14:27:35","slug":"programme-expo-pass","status":"publish","type":"page","link":"https:\/\/www.settdagarna.se\/en\/programme-expo-pass\/","title":{"rendered":"Programme &#8211; Expo Pass"},"content":{"rendered":"\t\t<div data-elementor-type=\"wp-page\" data-elementor-id=\"71932\" class=\"elementor elementor-71932 elementor-53008\" data-elementor-post-type=\"page\">\n\t\t\t\t\t\t<section class=\"elementor-section elementor-top-section elementor-element elementor-element-316126c elementor-section-boxed elementor-section-height-default elementor-section-height-default\" data-id=\"316126c\" data-element_type=\"section\" data-settings=\"{&quot;background_background&quot;:&quot;classic&quot;}\">\n\t\t\t\t\t\t<div class=\"elementor-container elementor-column-gap-default\">\n\t\t\t\t\t<div class=\"elementor-column elementor-col-100 elementor-top-column elementor-element elementor-element-2fc7f4d\" data-id=\"2fc7f4d\" data-element_type=\"column\">\n\t\t\t<div class=\"elementor-widget-wrap elementor-element-populated\">\n\t\t\t\t\t\t<div class=\"elementor-element elementor-element-bf34d54 elementor-widget elementor-widget-heading\" data-id=\"bf34d54\" data-element_type=\"widget\" data-widget_type=\"heading.default\">\n\t\t\t\t<div class=\"elementor-widget-container\">\n\t\t\t\t\t<h1 class=\"elementor-heading-title elementor-size-default\">Schedule - Expo Pass<br>April 14-15th 2026<\/h1>\t\t\t\t<\/div>\n\t\t\t\t<\/div>\n\t\t\t\t<div class=\"elementor-element elementor-element-4c52635 elementor-widget elementor-widget-text-editor\" data-id=\"4c52635\" data-element_type=\"widget\" data-widget_type=\"text-editor.default\">\n\t\t\t\t<div class=\"elementor-widget-container\">\n\t\t\t\t\t\t\t\t\t<p>The schedule will be updated in autumn 2025.<\/p>\n\t\t\t\t\t\t\t\t<\/div>\n\t\t\t\t<\/div>\n\t\t\t\t\t<\/div>\n\t\t<\/div>\n\t\t\t\t\t<\/div>\n\t\t<\/section>\n\t\t\t\t<section class=\"elementor-section elementor-top-section elementor-element elementor-element-fc3dba8 elementor-hidden-desktop elementor-hidden-tablet elementor-hidden-mobile elementor-section-boxed elementor-section-height-default elementor-section-height-default\" data-id=\"fc3dba8\" data-element_type=\"section\" data-settings=\"{&quot;background_background&quot;:&quot;classic&quot;}\">\n\t\t\t\t\t\t<div class=\"elementor-container elementor-column-gap-default\">\n\t\t\t\t\t<div class=\"elementor-column elementor-col-100 elementor-top-column elementor-element elementor-element-a4c2beb\" data-id=\"a4c2beb\" data-element_type=\"column\" data-settings=\"{&quot;background_background&quot;:&quot;classic&quot;}\">\n\t\t\t<div class=\"elementor-widget-wrap elementor-element-populated\">\n\t\t\t\t\t\t<div class=\"elementor-element elementor-element-7bcd9c9 elementor-align-center elementor-widget elementor-widget-button\" data-id=\"7bcd9c9\" data-element_type=\"widget\" data-widget_type=\"button.default\">\n\t\t\t\t<div class=\"elementor-widget-container\">\n\t\t\t\t\t\t\t\t\t<div class=\"elementor-button-wrapper\">\n\t\t\t\t\t<a class=\"elementor-button elementor-button-link elementor-size-sm\" href=\"https:\/\/www.settdagarna.se\/en\/programme\/\">\n\t\t\t\t\t\t<span class=\"elementor-button-content-wrapper\">\n\t\t\t\t\t\t\t\t\t<span class=\"elementor-button-text\">VIEW ALL SCHEDULES<\/span>\n\t\t\t\t\t<\/span>\n\t\t\t\t\t<\/a>\n\t\t\t\t<\/div>\n\t\t\t\t\t\t\t\t<\/div>\n\t\t\t\t<\/div>\n\t\t\t\t<div class=\"elementor-element elementor-element-8c2f6da elementor-widget elementor-widget-easyfairs-activities\" data-id=\"8c2f6da\" data-element_type=\"widget\" data-widget_type=\"easyfairs-activities.default\">\n\t\t\t\t<div class=\"elementor-widget-container\">\n\t\t\t\t\t        <div class=\"ef_scheduler scheduler-grid\">\n            <div class=\"view_switch\">\n                <div class=\"view_change hidden\"><span class=\"dashicons dashicons-calendar\"><\/span> View as timesheet<\/div>\n                <div class=\"view_change\"><span class=\"dashicons dashicons-editor-ul\"><\/span> View as list<\/div>\n            <\/div>\n\t\t\t<div class=\"scheduler_tabs\">\n\n           \t\t<input type=\"radio\" class=\"tab_change\" value=\"1\" id=\"scheduletab1\" name=\"tab\" checked>\n\t\t<label for=\"scheduletab1\">April 8, 2025<\/label>\n\t\t\t\t<input type=\"radio\" class=\"tab_change\" value=\"2\" id=\"scheduletab2\" name=\"tab\" >\n\t\t<label for=\"scheduletab2\">April 9, 2025<\/label>\n\t\t\t\t<input type=\"radio\" class=\"tab_change\" value=\"3\" id=\"scheduletab3\" name=\"tab\" >\n\t\t<label for=\"scheduletab3\">April 10, 2025<\/label>\n\t\t\t\t\t<\/div>\n        <div class='easyfairs-schedule schedule-20250408' id='schedule1'>\t\t\t\t<\/div>\n\t\t\t<style>\n\t\t\t\t.schedule-20250408 {\n\t\t\t\t\tpadding-top: 2em;\n\t\t\t\t}\n\n\t\t\t\t@media screen and (min-width:700px) {\n\t\t\t\t\t.schedule-20250408 {\n\t\t\t\t\t\tdisplay: grid;\n\t\t\t\t\t\tgap: 1em;\n\t\t\t\t\t}\n\t\t\t\t}\n\n\t\t\t\t.schedule-20250408 {\n\n\t\t\t\t\t\tgrid-template-rows:\n\t\t\t\t\t\t\t[tracks] auto\n\n\t\t\t\t\t\t\t;\n\t\t\t\t\t\tgrid-template-columns:\n\t\t\t\t\t\t\t[times] 4.5em\n\t\t\t\t\t\t\t\t\t\t\t\t\t}\n\n\t\t\t\t\t.schedule-20250408 .time-slot {\n\t\t\t\t\t\tdisplay: grid;\n\t\t\t\t\t\tgrid-column: times;\n\t\t\t\t\t\tgrid-column-end: track-0;\n\t\t\t\t\t\tz-index: 1;\n\t\t\t\t\t}\n\t\t\t\t\t}\n\t\t\t\t}\n\t\t\t<\/style>\n\t\t<div class='easyfairs-schedule schedule-20250409 hidden' id='schedule2'>\t\t\t\t<\/div>\n\t\t\t<style>\n\t\t\t\t.schedule-20250409 {\n\t\t\t\t\tpadding-top: 2em;\n\t\t\t\t}\n\n\t\t\t\t@media screen and (min-width:700px) {\n\t\t\t\t\t.schedule-20250409 {\n\t\t\t\t\t\tdisplay: grid;\n\t\t\t\t\t\tgap: 1em;\n\t\t\t\t\t}\n\t\t\t\t}\n\n\t\t\t\t.schedule-20250409 {\n\n\t\t\t\t\t\tgrid-template-rows:\n\t\t\t\t\t\t\t[tracks] auto\n\n\t\t\t\t\t\t\t;\n\t\t\t\t\t\tgrid-template-columns:\n\t\t\t\t\t\t\t[times] 4.5em\n\t\t\t\t\t\t\t\t\t\t\t\t\t}\n\n\t\t\t\t\t.schedule-20250409 .time-slot {\n\t\t\t\t\t\tdisplay: grid;\n\t\t\t\t\t\tgrid-column: times;\n\t\t\t\t\t\tgrid-column-end: track-0;\n\t\t\t\t\t\tz-index: 1;\n\t\t\t\t\t}\n\t\t\t\t\t}\n\t\t\t\t}\n\t\t\t<\/style>\n\t\t<div class='easyfairs-schedule schedule-20250410 hidden' id='schedule3'>\t\t\t\t<\/div>\n\t\t\t<style>\n\t\t\t\t.schedule-20250410 {\n\t\t\t\t\tpadding-top: 2em;\n\t\t\t\t}\n\n\t\t\t\t@media screen and (min-width:700px) {\n\t\t\t\t\t.schedule-20250410 {\n\t\t\t\t\t\tdisplay: grid;\n\t\t\t\t\t\tgap: 1em;\n\t\t\t\t\t}\n\t\t\t\t}\n\n\t\t\t\t.schedule-20250410 {\n\n\t\t\t\t\t\tgrid-template-rows:\n\t\t\t\t\t\t\t[tracks] auto\n\n\t\t\t\t\t\t\t;\n\t\t\t\t\t\tgrid-template-columns:\n\t\t\t\t\t\t\t[times] 4.5em\n\t\t\t\t\t\t\t\t\t\t\t\t\t}\n\n\t\t\t\t\t.schedule-20250410 .time-slot {\n\t\t\t\t\t\tdisplay: grid;\n\t\t\t\t\t\tgrid-column: times;\n\t\t\t\t\t\tgrid-column-end: track-0;\n\t\t\t\t\t\tz-index: 1;\n\t\t\t\t\t}\n\t\t\t\t\t}\n\t\t\t\t}\n\t\t\t<\/style>\n\t\t\n\t\t\t<style>\n                .session {\n                    cursor:pointer !important;\n                }\n\n\t\t\t\t.view_change {\n\t\t\t\t\tcursor:pointer !important;\n\t\t\t\t\tdisplay:inline-block;\n\t\t\t\t}\n\n\t\t\t\t.view_change .dashicons::before {\n\t\t\t\t\tvertical-align:middle;\n\t\t\t\t\tdisplay:inline-block;\n\t\t\t\t}\n\n\t\t\t\t.view_switch {\n\t\t\t\t\tdisplay: none;\n\t\t\t\t\tpadding:16px;\n\t\t\t\t\tcolor: white;\n\t\t\t\t\tfont-size: 16px;\n\t\t\t\t}\n\n\t\t\t\t.time-slot {\n\t\t\t\t\tdisplay:none;\n\t\t\t\t}\n\n\t\t\t\t.session {\n\t\t\t\t\tdisplay:block;\n\t\t\t\t}\n\n\t\t\t\t.speaker {\n\t\t\t\t\tdisplay: flex;\n\t\t\t\t}\n\n\t\t\t\t.speaker_info {\n\t\t\t\t\tflex-grow: 1;\n\t\t\t\t}\n\n\t\t\t\t.speaker_name {\n\t\t\t\t\tfont-size: 16px;\n\t\t\t\t\tmargin-bottom: 8px;\n\t\t\t\t}\n\n\t\t\t\t.speaker_job_title {\n\t\t\t\t\tfont-size: 14px;\n\t\t\t\t}\n\n\t\t\t\t.session {\n\t\t\t\t\tpadding:16px;\n\t\t\t\t\tbackground-color: #1259B2;\n\t\t\t\t\tcolor: #fff !important;\n\t\t\t\t}\n\n\t\t\t\t.session .speaker .speaker_avatar {\n\t\t\t\t\twidth:32px;\n\t\t\t\t\theight:32px;\n\t\t\t\t\tborder-radius:50%;\n\t\t\t\t\tmargin-right:5px;\n\t\t\t\t}\n\n\t\t\t\t.tab_change {\n\t\t\t\t\tdisplay:none;\n\t\t\t\t}\n\n\t\t\t\t.ef_scheduler label {\n\t\t\t\t\tdisplay: inline-block;\n\t\t\t\t\tfont-size: 16px;\n\t\t\t\t\tpadding: 16px;\n\t\t\t\t\ttext-align: center;\n\t\t\t\t\tbackground: #f4f4f4;\n\t\t\t\t\tcolor: #555;\n\t\t\t\t\tposition: relative;\n\t\t\t\t\ttransition: 0.25s background ease;\n\t\t\t\t\tcursor: pointer;\n\t\t\t\t}\n\n\t\t\t\t@media screen and (min-width:700px) {\n\t\t\t\t\t.view_switch {\n\t\t\t\t\t\tdisplay:block;\n\t\t\t\t\t}\n\n\t\t\t\t\t.ef_scheduler:not(.scheduler-list) .session-location {\n\t\t\t\t\t\tdisplay:none !important;\n\t\t\t\t\t}\n\n\t\t\t\t}\n\n                @media screen and (max-width:699px) {\n                    .scheduler_tabs label {\n                        display:inline-block;\n                        float:left;\n                        width:50%;\n                    }\n\n                    .time-slot {\n                        display:none !important;\n                    }\n                }\n\n\t\t\t\t.scheduler-list .track-slot,\n\t\t\t\t.scheduler-list .time-slot {\n\t\t\t\t\tdisplay: none;\n\t\t\t\t}\n\n\t\t\t\t.scheduler-list .session-location {\n\t\t\t\t\tdisplay: inline-block;\n\t\t\t\t}\n\n\t\t\t\t@supports( display:grid ) {\n\t\t\t\t\t@media screen and (min-width:700px) {\n\t\t\t\t\t\t.ef_scheduler:not(.scheduler-list) .track-slot {\n\t\t\t\t\t\t\tdisplay: block;\n\t\t\t\t\t\t\tpadding: 10px 5px 5px;\n\t\t\t\t\t\t\tposition: sticky;\n\t\t\t\t\t\t\ttop: 0px;\n\t\t\t\t\t\t\tz-index: 1000;\n\t\t\t\t\t\t\tbackground-color: rgba(255,255,255,.9);\n\t\t\t\t\t\t}\n\n\t\t\t\t\t\t.session {\n\t\t\t\t\t\t\tmargin: 0;\n\t\t\t\t\t\t}\n\t\t\t\t\t}\n\t\t\t\t}\n                .easyfairs-schedule {\n                    clear:left;\n                }\n\n\t\t\t\t.scheduler-list .easyfairs-schedule {\n\t\t\t\t\tdisplay:block;\n\t\t\t\t}\n\n\t\t\t\t\/* Small-screen & fallback styles *\/\n\t\t\t\t.session {\n\t\t\t\t\tmargin-bottom:  1em;\n\t\t\t\t}\n\n\t\t\t\t.track-slot {\n\t\t\t\t\tdisplay:none;\n\t\t\t\t}\n\n\t\t\t\t.session {\n\t\t\t\t\tpadding: 16px;\n\t\t\t\t\tz-index:2;\n\t\t\t\t}\n\n\t\t\t\t.session-time {\n\t\t\t\t\tfont-size:16px;\n\t\t\t\t}\n\n\t\t\t\t.session-location {\n\t\t\t\t\tdisplay:inline-block;\n\t\t\t\t}\n\n\t\t\t\t.session_speakers {\n\t\t\t\t\tmargin-top:24px;\n\t\t\t\t}\n\n\t\t\t\t.session-title,\n\t\t\t\t {\n\t\t\t\t\tdisplay: block;\n\t\t\t\t }\n\n\t\t\t\t.session-time {\n\t\t\t\t\tdisplay: inline-block;\n\t\t\t\t}\n\n\t\t\t\t.session-title {\n\t\t\t\t\tmargin-bottom:8px;\n\t\t\t\t}\n\n\t\t\t\t.session-title,\n\t\t\t\t.time-slot {\n\t\t\t\t\tz-index:1;\n\t\t\t\t\tmargin: 0;\n\t\t\t\t\tfont-weight: 700;\n\t\t\t\t\tfont-size: 16px;\n\t\t\t\t}\n\n\t\t\t\t.track-all {\n\t\t\t\t\tdisplay: flex;\n\t\t\t\t\tjustify-content: center;\n\t\t\t\t\talign-items: center;\n\t\t\t\t\tbackground: #ccc;\n\t\t\t\t\tcolor: #000;\n\t\t\t\t\tbox-shadow: none;\n\t\t\t\t}\n\t\t\t<\/style>\n        <\/div>\t\t\t\t<\/div>\n\t\t\t\t<\/div>\n\t\t\t\t\t<\/div>\n\t\t<\/div>\n\t\t\t\t\t<\/div>\n\t\t<\/section>\n\t\t\t\t<\/div>\n\t\t","protected":false},"excerpt":{"rendered":"<p>Schedule &#8211; Expo PassApril 14-15th 2026 The schedule will be updated in autumn 2025. VIEW ALL SCHEDULES View as timesheet View as list april 8, 2025 april 9, 2025 april 10, 2025 Education &amp; transformation the era of AI 09:30 &#8211; 10:00&nbsp;&#8211;&nbsp;Sett stage Kati Tiainen &nbsp; Programpunkt p\u00e5 engelska &nbsp; Leder arbete utifr\u00e5n spr\u00e5kstrategin mot [&hellip;]<\/p>\n","protected":false},"author":19,"featured_media":0,"parent":0,"menu_order":0,"comment_status":"closed","ping_status":"closed","template":"","meta":{"_seopress_robots_primary_cat":"","_seopress_titles_title":"Programme Expo Pass | Sett | Stockholm","_seopress_titles_desc":"Check out the schedule for Sett Expo Pass April 14-15th 2026.","_seopress_robots_index":"","footnotes":""},"class_list":["post-71932","page","type-page","status-publish","hentry"],"_links":{"self":[{"href":"https:\/\/www.settdagarna.se\/en\/wp-json\/wp\/v2\/pages\/71932","targetHints":{"allow":["GET"]}}],"collection":[{"href":"https:\/\/www.settdagarna.se\/en\/wp-json\/wp\/v2\/pages"}],"about":[{"href":"https:\/\/www.settdagarna.se\/en\/wp-json\/wp\/v2\/types\/page"}],"author":[{"embeddable":true,"href":"https:\/\/www.settdagarna.se\/en\/wp-json\/wp\/v2\/users\/19"}],"replies":[{"embeddable":true,"href":"https:\/\/www.settdagarna.se\/en\/wp-json\/wp\/v2\/comments?post=71932"}],"version-history":[{"count":5,"href":"https:\/\/www.settdagarna.se\/en\/wp-json\/wp\/v2\/pages\/71932\/revisions"}],"predecessor-version":[{"id":91984,"href":"https:\/\/www.settdagarna.se\/en\/wp-json\/wp\/v2\/pages\/71932\/revisions\/91984"}],"wp:attachment":[{"href":"https:\/\/www.settdagarna.se\/en\/wp-json\/wp\/v2\/media?parent=71932"}],"curies":[{"name":"wp","href":"https:\/\/api.w.org\/{rel}","templated":true}]}}